{"id":73,"date":"2021-02-04T16:32:56","date_gmt":"2021-02-04T16:32:56","guid":{"rendered":"http:\/\/copip.flywheelstaging.com\/?page_id=73"},"modified":"2021-02-25T15:11:54","modified_gmt":"2021-02-25T15:11:54","slug":"privacy-policy","status":"publish","type":"page","link":"https:\/\/copip.eu\/fr\/privacy-policy\/","title":{"rendered":"Politique de Confidentialit\u00e9"},"content":{"rendered":"<p>Cette politique de confidentialit\u00e9 concerne la collecte, l\u2019utilisation, la divulgation, le transfert et le stockage de vos donn\u00e9es par COPIP depuis notre site internet. Veuillez la lire attentivement et n\u2019h\u00e9sitez pas \u00e0 consulter cette page r\u00e9guli\u00e8rement pour vous tenir au courant d\u2019\u00e9ventuels changements. En utilisant ce site internet, vous consentez \u00e0 notre politique de confidentialit\u00e9 et aux termes et conditions du site internet.<\/p>\n\n\n\n<h2 class=\"wp-block-heading\">INTRODUCTION ET CONDITIONS G\u00c9N\u00c9RALES<\/h2>\n\n\n\n<p>Le site du COPIP contient des liens menant \u00e0 des sites appartenant \u00e0 et exploit\u00e9s par des tierces parties.<\/p>\n\n\n\n<p>Ces sites internet tiers ont leurs propres politiques de confidentialit\u00e9, que nous vous encourageons \u00e0 consulter. Nous ne nous tenons ni garants ni responsables de ces sites internet tiers et l\u2019utilisation que vous fa\u00eetes de ces sites reste \u00e0 vos propres risques.<\/p>\n\n\n\n<h2 class=\"wp-block-heading\">NOS SERVICES EN LIGNE<\/h2>\n\n\n\n<p>L\u2019adresse IP des visiteurs, l\u2019identifiant des utilisateurs connect\u00e9s et l\u2019identifiant utilis\u00e9 lors des tentatives de connexion sont stock\u00e9s selon certaines conditions pour v\u00e9rifier qu\u2019il ne s\u2019agit pas d\u2019activit\u00e9s malveillantes et pour prot\u00e9ger le site de certaines attaques. Les donn\u00e9es collect\u00e9es incluent par exemple les tentatives de connexion, les demandes de d\u00e9connexion, les URL suspects, les modifications du contenu du site et les changements de mots de passe.<\/p>\n\n\n\n<p>Nous collectons aussi les donn\u00e9es standards relatives \u00e0 la connexion internet pour suivre le comportement des visiteurs du site du COPIP. Nous faisons cela pour recevoir des informations relatives \u00e0 l\u2019activit\u00e9 du site, comme le nombre de visiteurs, par exemple. Ces informations sont collect\u00e9es de mani\u00e8re \u00e0 conserver l\u2019anonymat des individus. Nous n\u2019essayons en aucun cas d\u2019identifier les visiteurs du site, et nous n\u2019essayons en aucun cas d\u2019associer les donn\u00e9es collect\u00e9es sur notre site \u00e0 d\u2019autres donn\u00e9es venant de sources diverses permettant d\u2019identifier les individus.<\/p>\n\n\n\n<p>Nous collectons ces informations standards en utilisant des \u2018cookies\u2019.<\/p>\n\n\n\n<h2 class=\"wp-block-heading\">QUE SONT LES COOKIES?<\/h2>\n\n\n\n<p>Les cookies utilis\u00e9s par le site du COPIP ne contiennent pas de donn\u00e9es personnelles. Toute information obtenue par ces cookies est stock\u00e9e sur le serveur Google pendant 14 mois, le minimum requis par la politique de r\u00e9tention de Google. Un cookie est un dossier de petite taille contenant des chiffres et des lettres, et qui est enregistr\u00e9 dans votre navigateur. Les cookies contiennent aussi des informations qui sont transf\u00e9r\u00e9es sur le disque dur de votre ordinateur si vous l\u2019y autorisez. Le site du COPIP utilise les cookies dans le cadre de Google Analytics, pour nous permettre d\u2019\u00e9valuer la mani\u00e8re dont les visiteurs utilisent notre site. Cela comprend l\u2019identification de chaque visiteur et le d\u00e9tail des pages visit\u00e9es par celui-ci.<\/p>\n\n\n\n<h2 class=\"wp-block-heading\">LES TYPES DE COOKIES QUE NOUS UTILISONS<\/h2>\n\n\n\n<p>Le site du COPIP utilise les cookies de Google Analytics\/de performance suivant :<\/p>\n\n\n\n<ul class=\"wp-block-list\"><li>Les cookies _gat sont utilis\u00e9s pour limiter l\u2019analyse de donn\u00e9es sur les sites qui ont beaucoup de trafic ; ils expirent apr\u00e8s dix minutes.<\/li><li>Les cookies _ga sont utilis\u00e9s pour surveiller et identifier les zones du site internet qui pourraient \u00eatre am\u00e9lior\u00e9es, ainsi que pour distinguer les utilisateurs en g\u00e9n\u00e9rant pour eux deux nombres 32-bit au hasard ; ils expirent apr\u00e8s deux ans.<\/li><li>Les cookies _gid sont utilis\u00e9s pour distinguer les utilisateurs du site internet pour pouvoir g\u00e9n\u00e9rer des informations statistiques \u00e0 propos du site ; ils expirent apr\u00e8s un an.<\/li><\/ul>\n\n\n\n<p class=\" translation-block\">Pour plus d\u2019information, veuillez consulter <a href=\"http:\/\/www.google.com\/policies\/privacy\/partners\/\" data-type=\"URL\" data-id=\"http:\/\/www.google.com\/policies\/privacy\/partners\/\" target=\"_blank\" rel=\"noreferrer noopener\">www.google.com\/policies\/privacy\/partners<\/a><\/p>\n\n\n\n<p>Si vous souhaitez d\u00e9sactiver Google Analytics sur votre navigateur, veuillez consulter <a href=\"http:\/\/tools.google.com\/dlpage\/gaoptout\" target=\"_blank\" rel=\"noreferrer noopener\">http:\/\/tools.google.com\/dlpage\/gaoptout<\/a><\/p>\n\n\n\n<p>Pour plus d\u2019information sur la politique de confidentialit\u00e9 du COPIP, veuillez nous contacter \u00e0 l\u2019adresse suivante : <a href=\"mailto:email-address-here@copip.eu\">email-address-here@copip.eu<\/a><\/p>","protected":false},"excerpt":{"rendered":"<p>This policy covers how COPIP will collect, use, disclose, transfer and store your data via our website. Please read this policy carefully and revisit this page regularly to review any changes that we have made. By using this website, you accept the terms of this policy and the terms and conditions on this website. Introduction [&hellip;]<\/p>\n","protected":false},"author":3,"featured_media":0,"parent":0,"menu_order":0,"comment_status":"closed","ping_status":"closed","template":"","meta":{"_acf_changed":false,"footnotes":""},"class_list":["post-73","page","type-page","status-publish","hentry"],"acf":[],"yoast_head":"<!-- This site is optimized with the Yoast SEO plugin v27.4 - https:\/\/yoast.com\/product\/yoast-seo-wordpress\/ -->\n<title>Privacy policy - COPIP<\/title>\n<meta name=\"robots\" content=\"index, follow, max-snippet:-1, max-image-preview:large, max-video-preview:-1\" \/>\n<link rel=\"canonical\" href=\"https:\/\/copip.eu\/fr\/privacy-policy\/\" \/>\n<meta property=\"og:locale\" content=\"fr_FR\" \/>\n<meta property=\"og:type\" content=\"article\" \/>\n<meta property=\"og:title\" content=\"Privacy policy - COPIP\" \/>\n<meta property=\"og:description\" content=\"This policy covers how COPIP will collect, use, disclose, transfer and store your data via our website. Please read this policy carefully and revisit this page regularly to review any changes that we have made. By using this website, you accept the terms of this policy and the terms and conditions on this website. Introduction [&hellip;]\" \/>\n<meta property=\"og:url\" content=\"https:\/\/copip.eu\/fr\/privacy-policy\/\" \/>\n<meta property=\"og:site_name\" content=\"COPIP\" \/>\n<meta property=\"article:modified_time\" content=\"2021-02-25T15:11:54+00:00\" \/>\n<meta name=\"twitter:card\" content=\"summary_large_image\" \/>\n<meta name=\"twitter:label1\" content=\"Dur\u00e9e de lecture estim\u00e9e\" \/>\n\t<meta name=\"twitter:data1\" content=\"3 minutes\" \/>\n<script type=\"application\/ld+json\" class=\"yoast-schema-graph\">{\"@context\":\"https:\\\/\\\/schema.org\",\"@graph\":[{\"@type\":\"WebPage\",\"@id\":\"https:\\\/\\\/copip.eu\\\/privacy-policy\\\/\",\"url\":\"https:\\\/\\\/copip.eu\\\/privacy-policy\\\/\",\"name\":\"Privacy policy - COPIP\",\"isPartOf\":{\"@id\":\"https:\\\/\\\/copip.eu\\\/#website\"},\"datePublished\":\"2021-02-04T16:32:56+00:00\",\"dateModified\":\"2021-02-25T15:11:54+00:00\",\"breadcrumb\":{\"@id\":\"https:\\\/\\\/copip.eu\\\/privacy-policy\\\/#breadcrumb\"},\"inLanguage\":\"fr-FR\",\"potentialAction\":[{\"@type\":\"ReadAction\",\"target\":[\"https:\\\/\\\/copip.eu\\\/privacy-policy\\\/\"]}]},{\"@type\":\"BreadcrumbList\",\"@id\":\"https:\\\/\\\/copip.eu\\\/privacy-policy\\\/#breadcrumb\",\"itemListElement\":[{\"@type\":\"ListItem\",\"position\":1,\"name\":\"Home\",\"item\":\"https:\\\/\\\/copip.eu\\\/fr\\\/\"},{\"@type\":\"ListItem\",\"position\":2,\"name\":\"Privacy policy\"}]},{\"@type\":\"WebSite\",\"@id\":\"https:\\\/\\\/copip.eu\\\/#website\",\"url\":\"https:\\\/\\\/copip.eu\\\/\",\"name\":\"COPIP\",\"description\":\"\",\"potentialAction\":[{\"@type\":\"SearchAction\",\"target\":{\"@type\":\"EntryPoint\",\"urlTemplate\":\"https:\\\/\\\/copip.eu\\\/?s={search_term_string}\"},\"query-input\":{\"@type\":\"PropertyValueSpecification\",\"valueRequired\":true,\"valueName\":\"search_term_string\"}}],\"inLanguage\":\"fr-FR\"}]}<\/script>\n<!-- \/ Yoast SEO plugin. -->","yoast_head_json":{"title":"Privacy policy - COPIP","robots":{"index":"index","follow":"follow","max-snippet":"max-snippet:-1","max-image-preview":"max-image-preview:large","max-video-preview":"max-video-preview:-1"},"canonical":"https:\/\/copip.eu\/fr\/privacy-policy\/","og_locale":"fr_FR","og_type":"article","og_title":"Privacy policy - COPIP","og_description":"This policy covers how COPIP will collect, use, disclose, transfer and store your data via our website. Please read this policy carefully and revisit this page regularly to review any changes that we have made. By using this website, you accept the terms of this policy and the terms and conditions on this website. Introduction [&hellip;]","og_url":"https:\/\/copip.eu\/fr\/privacy-policy\/","og_site_name":"COPIP","article_modified_time":"2021-02-25T15:11:54+00:00","twitter_card":"summary_large_image","twitter_misc":{"Dur\u00e9e de lecture estim\u00e9e":"3 minutes"},"schema":{"@context":"https:\/\/schema.org","@graph":[{"@type":"WebPage","@id":"https:\/\/copip.eu\/privacy-policy\/","url":"https:\/\/copip.eu\/privacy-policy\/","name":"Privacy policy - COPIP","isPartOf":{"@id":"https:\/\/copip.eu\/#website"},"datePublished":"2021-02-04T16:32:56+00:00","dateModified":"2021-02-25T15:11:54+00:00","breadcrumb":{"@id":"https:\/\/copip.eu\/privacy-policy\/#breadcrumb"},"inLanguage":"fr-FR","potentialAction":[{"@type":"ReadAction","target":["https:\/\/copip.eu\/privacy-policy\/"]}]},{"@type":"BreadcrumbList","@id":"https:\/\/copip.eu\/privacy-policy\/#breadcrumb","itemListElement":[{"@type":"ListItem","position":1,"name":"Home","item":"https:\/\/copip.eu\/fr\/"},{"@type":"ListItem","position":2,"name":"Privacy policy"}]},{"@type":"WebSite","@id":"https:\/\/copip.eu\/#website","url":"https:\/\/copip.eu\/","name":"COPIP","description":"","potentialAction":[{"@type":"SearchAction","target":{"@type":"EntryPoint","urlTemplate":"https:\/\/copip.eu\/?s={search_term_string}"},"query-input":{"@type":"PropertyValueSpecification","valueRequired":true,"valueName":"search_term_string"}}],"inLanguage":"fr-FR"}]}},"_links":{"self":[{"href":"https:\/\/copip.eu\/fr\/wp-json\/wp\/v2\/pages\/73","targetHints":{"allow":["GET"]}}],"collection":[{"href":"https:\/\/copip.eu\/fr\/wp-json\/wp\/v2\/pages"}],"about":[{"href":"https:\/\/copip.eu\/fr\/wp-json\/wp\/v2\/types\/page"}],"author":[{"embeddable":true,"href":"https:\/\/copip.eu\/fr\/wp-json\/wp\/v2\/users\/3"}],"replies":[{"embeddable":true,"href":"https:\/\/copip.eu\/fr\/wp-json\/wp\/v2\/comments?post=73"}],"version-history":[{"count":0,"href":"https:\/\/copip.eu\/fr\/wp-json\/wp\/v2\/pages\/73\/revisions"}],"wp:attachment":[{"href":"https:\/\/copip.eu\/fr\/wp-json\/wp\/v2\/media?parent=73"}],"curies":[{"name":"wp","href":"https:\/\/api.w.org\/{rel}","templated":true}]}}